{"id":18953,"date":"2025-02-14T11:29:28","date_gmt":"2025-02-14T14:29:28","guid":{"rendered":"https:\/\/hidrotecni-k.com.ar\/site\/?post_type=product&#038;p=18953"},"modified":"2025-02-14T12:11:33","modified_gmt":"2025-02-14T15:11:33","slug":"aspersor-de-impacto-circular-metalico-de-1-2-alcance-de-9-a-13mts","status":"publish","type":"product","link":"https:\/\/hidrotecni-k.com.ar\/site\/producto\/aspersor-de-impacto-circular-metalico-de-1-2-alcance-de-9-a-13mts\/","title":{"rendered":"Aspersor de impacto circular met\u00e1lico de 1\/2. Alcance de 9 a 13mts"},"content":{"rendered":"<p>Este aspersor circular est\u00e1 dise\u00f1ado para utilizarse en jardines y plantaciones hort\u00edcolas, floricultura y frutales, obteniendo los 360 grados de giro.<br \/>\nSu gran resistencia y durabilidad hacen que este aspersor trabaje durante a\u00f1os bajo duras condiciones en jardines urbanos debido al vandalismo y golpes por maquinaria de mantenimiento.<br \/>\nEst\u00e1 fabricado en lat\u00f3n y acero inoxidable, con conexi\u00f3n 1\/2&#8243; macho. Adem\u00e1s posee juntas de rotaci\u00f3n de alta resistencia, pala con dise\u00f1o anti-salpicadura y un tornillo difusor rompechorro regulable.<\/p>\n<p><strong>Caracter\u00edsticas<\/strong><\/p>\n<li>Alcance: 9-13 m.<\/li>\n<li>Caudal: 460-1,180 l\/h.<\/li>\n<li>Presi\u00f3n de trabajo: 1,5-4 BAR.<\/li>\n<li>\u00c1ngulos de trayectoria: 24\u00ba.<\/li>\n<li>Altura m\u00e1xima de chorro: 2,6 m.<\/li>\n<li>Tiempo de rotaci\u00f3n: 360\u00ba entre 25 y 40 segundos.<\/li>\n","protected":false},"excerpt":{"rendered":"<p>Aspersor circular dise\u00f1ado para utilizarse en jardines y plantaciones hort\u00edcolas, floricultura y frutales, obteniendo los 360 grados de giro.<br \/>\nSu gran resistencia y durabilidad hacen que este aspersor trabaje durante a\u00f1os bajo duras condiciones en jardines urbanos debido al vandalismo y golpes por maquinaria de mantenimiento.<br \/>\nEst\u00e1 fabricado en lat\u00f3n y acero inoxidable, con conexi\u00f3n 1\/2&#8243; macho.<\/p>\n","protected":false},"featured_media":18958,"comment_status":"open","ping_status":"closed","template":"","meta":[],"product_brand":[],"product_cat":[69,67,70,65],"product_tag":[],"class_list":{"0":"post-18953","1":"product","2":"type-product","3":"status-publish","4":"has-post-thumbnail","6":"product_cat-agricola","7":"product_cat-aspersion","8":"product_cat-parques-y-jardines","9":"product_cat-riego","11":"first","12":"instock","13":"shipping-taxable","14":"product-type-simple"},"_links":{"self":[{"href":"https:\/\/hidrotecni-k.com.ar\/site\/wp-json\/wp\/v2\/product\/18953","targetHints":{"allow":["GET"]}}],"collection":[{"href":"https:\/\/hidrotecni-k.com.ar\/site\/wp-json\/wp\/v2\/product"}],"about":[{"href":"https:\/\/hidrotecni-k.com.ar\/site\/wp-json\/wp\/v2\/types\/product"}],"replies":[{"embeddable":true,"href":"https:\/\/hidrotecni-k.com.ar\/site\/wp-json\/wp\/v2\/comments?post=18953"}],"wp:featuredmedia":[{"embeddable":true,"href":"https:\/\/hidrotecni-k.com.ar\/site\/wp-json\/wp\/v2\/media\/18958"}],"wp:attachment":[{"href":"https:\/\/hidrotecni-k.com.ar\/site\/wp-json\/wp\/v2\/media?parent=18953"}],"wp:term":[{"taxonomy":"product_brand","embeddable":true,"href":"https:\/\/hidrotecni-k.com.ar\/site\/wp-json\/wp\/v2\/product_brand?post=18953"},{"taxonomy":"product_cat","embeddable":true,"href":"https:\/\/hidrotecni-k.com.ar\/site\/wp-json\/wp\/v2\/product_cat?post=18953"},{"taxonomy":"product_tag","embeddable":true,"href":"https:\/\/hidrotecni-k.com.ar\/site\/wp-json\/wp\/v2\/product_tag?post=18953"}],"curies":[{"name":"wp","href":"https:\/\/api.w.org\/{rel}","templated":true}]}}