{"id":18950,"date":"2025-01-07T13:03:21","date_gmt":"2025-01-07T16:03:21","guid":{"rendered":"https:\/\/hidrotecni-k.com.ar\/site\/?post_type=product&#038;p=18950"},"modified":"2025-01-07T13:03:24","modified_gmt":"2025-01-07T16:03:24","slug":"aspersor-de-impacto-sectorizado-plast-de-1-2-alcance-de-8-8-a-12-4-m","status":"publish","type":"product","link":"https:\/\/hidrotecni-k.com.ar\/site\/producto\/aspersor-de-impacto-sectorizado-plast-de-1-2-alcance-de-8-8-a-12-4-m\/","title":{"rendered":"Aspersor de impacto sectorizado plast de 1\/2&#8243;. Alcance de 8.8 a 12.4 m"},"content":{"rendered":"<p>Este aspersor sectorizable tiene una cobertura de c\u00edrculo completo (360 grados) o de c\u00edrculo parcial (20 a 340 grados), con ajuste infinito del patr\u00f3n. Es ideal para hogares, peque\u00f1os riegos o \u00e1reas verdes.<br \/>\nPosee un brazo gu\u00eda de rociado que ahorra agua y evita salpicaduras laterales en edificios y pasillos.<br \/>\n<strong>Caracter\u00edsticas<\/strong><\/p>\n<li>1\/2\u2033 rosca macho<\/li>\n<li>caudal: 613-1067 l\/h<\/li>\n<li>presi\u00f3n:1-3,5 kg\/cm2<\/li>\n","protected":false},"excerpt":{"rendered":"<p>Este aspersor sectorizable tiene una cobertura de c\u00edrculo completo (360 grados) o de c\u00edrculo parcial (20 a 340 grados), con ajuste infinito del patr\u00f3n. Es ideal para hogares, peque\u00f1os riegos o \u00e1reas verdes.<br \/>\nPosee un brazo gu\u00eda de rociado que ahorra agua y evita salpicaduras laterales en edificios y pasillos.<br \/>\n<strong>Caracter\u00edsticas<\/strong><\/p>\n<li>1\/2\u2033 rosca macho<\/li>\n<li>caudal: 613-1067 l\/h<\/li>\n<li>presi\u00f3n:1-3,5 kg\/cm2<\/li>\n","protected":false},"featured_media":18951,"comment_status":"open","ping_status":"closed","template":"","meta":[],"product_brand":[],"product_cat":[113,67,119,70,65],"product_tag":[],"class_list":{"0":"post-18950","1":"product","2":"type-product","3":"status-publish","4":"has-post-thumbnail","6":"product_cat-accesorios-para-el-jardin","7":"product_cat-aspersion","8":"product_cat-jardineria","9":"product_cat-parques-y-jardines","10":"product_cat-riego","12":"first","13":"instock","14":"shipping-taxable","15":"product-type-simple"},"_links":{"self":[{"href":"https:\/\/hidrotecni-k.com.ar\/site\/wp-json\/wp\/v2\/product\/18950","targetHints":{"allow":["GET"]}}],"collection":[{"href":"https:\/\/hidrotecni-k.com.ar\/site\/wp-json\/wp\/v2\/product"}],"about":[{"href":"https:\/\/hidrotecni-k.com.ar\/site\/wp-json\/wp\/v2\/types\/product"}],"replies":[{"embeddable":true,"href":"https:\/\/hidrotecni-k.com.ar\/site\/wp-json\/wp\/v2\/comments?post=18950"}],"wp:featuredmedia":[{"embeddable":true,"href":"https:\/\/hidrotecni-k.com.ar\/site\/wp-json\/wp\/v2\/media\/18951"}],"wp:attachment":[{"href":"https:\/\/hidrotecni-k.com.ar\/site\/wp-json\/wp\/v2\/media?parent=18950"}],"wp:term":[{"taxonomy":"product_brand","embeddable":true,"href":"https:\/\/hidrotecni-k.com.ar\/site\/wp-json\/wp\/v2\/product_brand?post=18950"},{"taxonomy":"product_cat","embeddable":true,"href":"https:\/\/hidrotecni-k.com.ar\/site\/wp-json\/wp\/v2\/product_cat?post=18950"},{"taxonomy":"product_tag","embeddable":true,"href":"https:\/\/hidrotecni-k.com.ar\/site\/wp-json\/wp\/v2\/product_tag?post=18950"}],"curies":[{"name":"wp","href":"https:\/\/api.w.org\/{rel}","templated":true}]}}