{"id":18944,"date":"2025-01-07T10:43:57","date_gmt":"2025-01-07T13:43:57","guid":{"rendered":"https:\/\/hidrotecni-k.com.ar\/site\/?post_type=product&#038;p=18944"},"modified":"2025-01-07T10:45:05","modified_gmt":"2025-01-07T13:45:05","slug":"aspersor-de-impacto-circular-de-3-4-alcance-de-13-25-a-18-m","status":"publish","type":"product","link":"https:\/\/hidrotecni-k.com.ar\/site\/producto\/aspersor-de-impacto-circular-de-3-4-alcance-de-13-25-a-18-m\/","title":{"rendered":"Aspersor de impacto circular de 3\/4&#8243;. Alcance de 13 a 18 m"},"content":{"rendered":"<p>Este aspersor permite un giro de 360 grados, siendo ideal para regar \u00e1reas verdes y agr\u00edcolas. Posee un dise\u00f1o con dos boquillas pl\u00e1sticas, lo que proporciona una uniformidad excepcional. Las mismas est\u00e1n codificadas por colores y son de limpieza f\u00e1cil y r\u00e1pida.<br \/>\nAdem\u00e1s posee un capuch\u00f3n de protecci\u00f3n contra el polvo en el resorte de accionamiento.<br \/>\nFabricado en pl\u00e1stico Delrin de alta resistencia contando con piezas de acero inoxidable para su durabilidad y buen funcionamiento.<br \/>\n<strong>Caracter\u00edsticas<\/strong><\/p>\n<li>Caudal: 0,73\u20134.6 m3\/h<\/li>\n<li>Presi\u00f3n: 2,0 \u2013 5,0 bar<\/li>\n<li>Conexi\u00f3n de 3\/4\u201d rosca macho<\/li>\n","protected":false},"excerpt":{"rendered":"<p>Este aspersor permite un giro de 360 grados, siendo ideal para regar \u00e1reas verdes y agr\u00edcolas.<br \/>\nPosee un capuch\u00f3n de protecci\u00f3n contra el polvo en el resorte de accionamiento.<br \/>\nFabricado en pl\u00e1stico Delrin de alta resistencia contando con piezas de acero inoxidable para su durabilidad y buen funcionamiento.<br \/>\n<strong>Caracter\u00edsticas<\/strong><\/p>\n<li>Caudal: 0,73\u20134.6 m3\/h<\/li>\n<li>Presi\u00f3n: 2,0 \u2013 5,0 bar<\/li>\n<li>Conexi\u00f3n de 3\/4\u201d rosca macho<\/li>\n","protected":false},"featured_media":18945,"comment_status":"open","ping_status":"closed","template":"","meta":[],"product_brand":[],"product_cat":[69,67,70,65],"product_tag":[],"class_list":{"0":"post-18944","1":"product","2":"type-product","3":"status-publish","4":"has-post-thumbnail","6":"product_cat-agricola","7":"product_cat-aspersion","8":"product_cat-parques-y-jardines","9":"product_cat-riego","11":"first","12":"instock","13":"shipping-taxable","14":"product-type-simple"},"_links":{"self":[{"href":"https:\/\/hidrotecni-k.com.ar\/site\/wp-json\/wp\/v2\/product\/18944","targetHints":{"allow":["GET"]}}],"collection":[{"href":"https:\/\/hidrotecni-k.com.ar\/site\/wp-json\/wp\/v2\/product"}],"about":[{"href":"https:\/\/hidrotecni-k.com.ar\/site\/wp-json\/wp\/v2\/types\/product"}],"replies":[{"embeddable":true,"href":"https:\/\/hidrotecni-k.com.ar\/site\/wp-json\/wp\/v2\/comments?post=18944"}],"wp:featuredmedia":[{"embeddable":true,"href":"https:\/\/hidrotecni-k.com.ar\/site\/wp-json\/wp\/v2\/media\/18945"}],"wp:attachment":[{"href":"https:\/\/hidrotecni-k.com.ar\/site\/wp-json\/wp\/v2\/media?parent=18944"}],"wp:term":[{"taxonomy":"product_brand","embeddable":true,"href":"https:\/\/hidrotecni-k.com.ar\/site\/wp-json\/wp\/v2\/product_brand?post=18944"},{"taxonomy":"product_cat","embeddable":true,"href":"https:\/\/hidrotecni-k.com.ar\/site\/wp-json\/wp\/v2\/product_cat?post=18944"},{"taxonomy":"product_tag","embeddable":true,"href":"https:\/\/hidrotecni-k.com.ar\/site\/wp-json\/wp\/v2\/product_tag?post=18944"}],"curies":[{"name":"wp","href":"https:\/\/api.w.org\/{rel}","templated":true}]}}