{"id":18939,"date":"2025-01-07T09:52:02","date_gmt":"2025-01-07T12:52:02","guid":{"rendered":"https:\/\/hidrotecni-k.com.ar\/site\/?post_type=product&#038;p=18939"},"modified":"2025-01-07T10:45:35","modified_gmt":"2025-01-07T13:45:35","slug":"aspersor-plastico-circular-de-3-4-con-alcance-de-134-a144-m","status":"publish","type":"product","link":"https:\/\/hidrotecni-k.com.ar\/site\/producto\/aspersor-plastico-circular-de-3-4-con-alcance-de-134-a144-m\/","title":{"rendered":"Aspersor de impacto circular de 3\/4&#8243;. Alcance de 13.4 a 14.4 m"},"content":{"rendered":"<p>Este aspersor de impacto circular garantiza una distribuci\u00f3n de agua eficiente y precisa para su jard\u00edn, c\u00e9sped o necesidades agr\u00edcolas.<br \/>\nPosee boquillas met\u00e1licas y esta fabricado en pl\u00e1stico Delrin de alta resistencia y piezas de acero inoxidable . Su conexi\u00f3n a tuber\u00edas o accesorios es a trav\u00e9s de una rosca macho de 3\/4&#8243;.<\/p>\n<p><strong>Caracter\u00edsticas<\/strong><\/p>\n<li>Caudal: 0,62\u20133,36 m3\/h<\/li>\n<li> Presi\u00f3n: 2,5- 5,5 bar<\/li>\n","protected":false},"excerpt":{"rendered":"<p>Este aspersor de impacto circular garantiza una distribuci\u00f3n de agua eficiente y precisa para su jard\u00edn, c\u00e9sped o necesidades agr\u00edcolas.<br \/>\nPosee boquillas met\u00e1licas y esta fabricado en pl\u00e1stico Delrin de alta resistencia y piezas de acero inoxidable . Su conexi\u00f3n a tuber\u00edas o accesorios es a trav\u00e9s de una rosca macho de 3\/4&#8243;.<\/p>\n<p><strong>Caracter\u00edsticas<\/strong><\/p>\n<li>Caudal: 0,62\u20133,36 m3\/h<\/li>\n<li> Presi\u00f3n: 2,5- 5,5 bar<\/li>\n","protected":false},"featured_media":18940,"comment_status":"open","ping_status":"closed","template":"","meta":[],"product_brand":[],"product_cat":[69,67,70,65],"product_tag":[],"class_list":{"0":"post-18939","1":"product","2":"type-product","3":"status-publish","4":"has-post-thumbnail","6":"product_cat-agricola","7":"product_cat-aspersion","8":"product_cat-parques-y-jardines","9":"product_cat-riego","11":"first","12":"instock","13":"shipping-taxable","14":"product-type-simple"},"_links":{"self":[{"href":"https:\/\/hidrotecni-k.com.ar\/site\/wp-json\/wp\/v2\/product\/18939","targetHints":{"allow":["GET"]}}],"collection":[{"href":"https:\/\/hidrotecni-k.com.ar\/site\/wp-json\/wp\/v2\/product"}],"about":[{"href":"https:\/\/hidrotecni-k.com.ar\/site\/wp-json\/wp\/v2\/types\/product"}],"replies":[{"embeddable":true,"href":"https:\/\/hidrotecni-k.com.ar\/site\/wp-json\/wp\/v2\/comments?post=18939"}],"wp:featuredmedia":[{"embeddable":true,"href":"https:\/\/hidrotecni-k.com.ar\/site\/wp-json\/wp\/v2\/media\/18940"}],"wp:attachment":[{"href":"https:\/\/hidrotecni-k.com.ar\/site\/wp-json\/wp\/v2\/media?parent=18939"}],"wp:term":[{"taxonomy":"product_brand","embeddable":true,"href":"https:\/\/hidrotecni-k.com.ar\/site\/wp-json\/wp\/v2\/product_brand?post=18939"},{"taxonomy":"product_cat","embeddable":true,"href":"https:\/\/hidrotecni-k.com.ar\/site\/wp-json\/wp\/v2\/product_cat?post=18939"},{"taxonomy":"product_tag","embeddable":true,"href":"https:\/\/hidrotecni-k.com.ar\/site\/wp-json\/wp\/v2\/product_tag?post=18939"}],"curies":[{"name":"wp","href":"https:\/\/api.w.org\/{rel}","templated":true}]}}