{"id":18935,"date":"2024-12-27T14:59:58","date_gmt":"2024-12-27T17:59:58","guid":{"rendered":"https:\/\/hidrotecni-k.com.ar\/site\/?post_type=product&#038;p=18935"},"modified":"2025-01-07T10:17:38","modified_gmt":"2025-01-07T13:17:38","slug":"aspersor-de-impacto-sectorizado-alcance-18-a-19-5-mts-de-radio","status":"publish","type":"product","link":"https:\/\/hidrotecni-k.com.ar\/site\/producto\/aspersor-de-impacto-sectorizado-alcance-18-a-19-5-mts-de-radio\/","title":{"rendered":"Aspersor de impacto sectorizado de 1&#8243;. Alcance 18 a 19.5 mts de radio"},"content":{"rendered":"<p>Es un aspersor de medio-alto caudal que posee la caracter\u00edstica de ser sectorizable, es decir que se puede determinar el \u00e1ngulo en el que se quiere regar.<br \/>\nLa conexi\u00f3n es hembra de 1&#8243; y est\u00e1 fabricado en pl\u00e1stico y acero inoxidable con juntas de rotaci\u00f3n de alta resistencia.<br \/>\nLos \u00e1ngulos de la boquillas son de 28\u00ba para la ca\u00f1onera principal (radio largo) y de 14\u00ba para la ca\u00f1onera secundaria (radio corto). El sistema mec\u00e1nico sectorial mediante omegas es muy f\u00e1cil y r\u00e1pido de ajustar.<br \/>\nSe lo puede utilizar para cubrir \u00e1reas agr\u00edcolas, como as\u00ed tambi\u00e9n esquinas que requieran alto caudal. Adem\u00e1s se lo puede utilizar en riegos para parques y \u00e1reas verdes amplias de uso residencial o comercial.<br \/>\nSu gran dise\u00f1o mec\u00e1nico e hidr\u00e1ulico proporciona un ahorro energ\u00e9tico muy importante y un \u00f3ptimo coeficiente de cobertura en su reparto.<br \/>\n<strong>Caracter\u00edsticas<\/strong><\/p>\n<li>Fabricado en pl\u00e1stico<\/li>\n<li>Giro completo o por sectores<\/li>\n<li>Eje y muelle de acero inoxidable<\/li>\n<li>Toberas de lat\u00f3n<\/li>\n<li>Presi\u00f3n en bares: De 3 a 5<\/li>\n<li>Caudal: de 3,15 a 4,15 m3\/h<\/li>\n","protected":false},"excerpt":{"rendered":"<p>Es un aspersor de medio-alto caudal que posee la caracter\u00edstica de ser sectorizable, es decir que se puede determinar el \u00e1ngulo en el que se quiere regar.<br \/>\nLa conexi\u00f3n es hembra de 1&#8243; y est\u00e1 fabricado en pl\u00e1stico y acero inoxidable.<br \/>\nSe lo puede utilizar para cubrir \u00e1reas agr\u00edcolas, como as\u00ed tambi\u00e9n esquinas que requieran alto caudal. Adem\u00e1s se lo puede utilizar en riegos para parques y \u00e1reas verdes amplias de uso residencial o comercial. <\/p>\n","protected":false},"featured_media":18936,"comment_status":"open","ping_status":"closed","template":"","meta":[],"product_brand":[],"product_cat":[69,67,70,65],"product_tag":[],"class_list":{"0":"post-18935","1":"product","2":"type-product","3":"status-publish","4":"has-post-thumbnail","6":"product_cat-agricola","7":"product_cat-aspersion","8":"product_cat-parques-y-jardines","9":"product_cat-riego","11":"first","12":"instock","13":"shipping-taxable","14":"product-type-simple"},"_links":{"self":[{"href":"https:\/\/hidrotecni-k.com.ar\/site\/wp-json\/wp\/v2\/product\/18935","targetHints":{"allow":["GET"]}}],"collection":[{"href":"https:\/\/hidrotecni-k.com.ar\/site\/wp-json\/wp\/v2\/product"}],"about":[{"href":"https:\/\/hidrotecni-k.com.ar\/site\/wp-json\/wp\/v2\/types\/product"}],"replies":[{"embeddable":true,"href":"https:\/\/hidrotecni-k.com.ar\/site\/wp-json\/wp\/v2\/comments?post=18935"}],"wp:featuredmedia":[{"embeddable":true,"href":"https:\/\/hidrotecni-k.com.ar\/site\/wp-json\/wp\/v2\/media\/18936"}],"wp:attachment":[{"href":"https:\/\/hidrotecni-k.com.ar\/site\/wp-json\/wp\/v2\/media?parent=18935"}],"wp:term":[{"taxonomy":"product_brand","embeddable":true,"href":"https:\/\/hidrotecni-k.com.ar\/site\/wp-json\/wp\/v2\/product_brand?post=18935"},{"taxonomy":"product_cat","embeddable":true,"href":"https:\/\/hidrotecni-k.com.ar\/site\/wp-json\/wp\/v2\/product_cat?post=18935"},{"taxonomy":"product_tag","embeddable":true,"href":"https:\/\/hidrotecni-k.com.ar\/site\/wp-json\/wp\/v2\/product_tag?post=18935"}],"curies":[{"name":"wp","href":"https:\/\/api.w.org\/{rel}","templated":true}]}}