{"id":18933,"date":"2024-12-27T14:39:31","date_gmt":"2024-12-27T17:39:31","guid":{"rendered":"https:\/\/hidrotecni-k.com.ar\/site\/?post_type=product&#038;p=18933"},"modified":"2025-01-07T10:46:09","modified_gmt":"2025-01-07T13:46:09","slug":"aspersor-de-impacto-circular-alcance-de-195-230-mts-de-radio","status":"publish","type":"product","link":"https:\/\/hidrotecni-k.com.ar\/site\/producto\/aspersor-de-impacto-circular-alcance-de-195-230-mts-de-radio\/","title":{"rendered":"Aspersor de impacto circular de 1&#8243;. Alcance de 19.5 a 23 mts de radio"},"content":{"rendered":"<p>Es un aspersor circular que dispone de boquillas met\u00e1licas. Est\u00e1 fabricado en un pl\u00e1stico especial que resiste el contacto con fertilizantes agresivos. Su conexi\u00f3n es de  1&#8243; hembra. Adem\u00e1s su eje y muelles est\u00e1n fabricados en acero inoxidable.<br \/>\nLa boquilla principal tiene 26\u00ba grados de inclinaci\u00f3n respecto al plano horizontal y la secundaria igualmente 26\u00ba.<br \/>\nIdeal para uso agr\u00edcola de medio y alto caudal, plantaciones hort\u00edcolas, cereales, tuberculosas, leguminosas, y frutales. Tambi\u00e9n se puede colocar en espacios verdes amplios como terrenos, parques, jardines con uso residencial o comercial.<br \/>\n<strong>Caracter\u00edsticas:<\/strong><\/p>\n<li> Fabricado en pl\u00e1stico delrin.<\/li>\n<li>Toberas de lat\u00f3n<\/li>\n<li>Caudal entre 2000 y 9400 l\/h<\/li>\n<li>Presi\u00f3n en bares: 2.8 y 5.6<\/li>\n","protected":false},"excerpt":{"rendered":"<p>Es un aspersor circular que dispone de boquillas met\u00e1licas. Est\u00e1 fabricado en un pl\u00e1stico especial que resiste el contacto con fertilizantes agresivos. Su conexi\u00f3n es de  1&#8243; hembra.<br \/>\nIdeal para uso agr\u00edcola de medio y alto caudal, plantaciones hort\u00edcolas, cereales, tuberculosas, leguminosas, y frutales. Tambi\u00e9n se puede colocar en espacios verdes amplios como terrenos, parques, jardines con uso residencial o comercial.<\/p>\n","protected":false},"featured_media":18934,"comment_status":"open","ping_status":"closed","template":"","meta":[],"product_brand":[],"product_cat":[69,67,70,65],"product_tag":[],"class_list":{"0":"post-18933","1":"product","2":"type-product","3":"status-publish","4":"has-post-thumbnail","6":"product_cat-agricola","7":"product_cat-aspersion","8":"product_cat-parques-y-jardines","9":"product_cat-riego","11":"first","12":"instock","13":"shipping-taxable","14":"product-type-simple"},"_links":{"self":[{"href":"https:\/\/hidrotecni-k.com.ar\/site\/wp-json\/wp\/v2\/product\/18933","targetHints":{"allow":["GET"]}}],"collection":[{"href":"https:\/\/hidrotecni-k.com.ar\/site\/wp-json\/wp\/v2\/product"}],"about":[{"href":"https:\/\/hidrotecni-k.com.ar\/site\/wp-json\/wp\/v2\/types\/product"}],"replies":[{"embeddable":true,"href":"https:\/\/hidrotecni-k.com.ar\/site\/wp-json\/wp\/v2\/comments?post=18933"}],"wp:featuredmedia":[{"embeddable":true,"href":"https:\/\/hidrotecni-k.com.ar\/site\/wp-json\/wp\/v2\/media\/18934"}],"wp:attachment":[{"href":"https:\/\/hidrotecni-k.com.ar\/site\/wp-json\/wp\/v2\/media?parent=18933"}],"wp:term":[{"taxonomy":"product_brand","embeddable":true,"href":"https:\/\/hidrotecni-k.com.ar\/site\/wp-json\/wp\/v2\/product_brand?post=18933"},{"taxonomy":"product_cat","embeddable":true,"href":"https:\/\/hidrotecni-k.com.ar\/site\/wp-json\/wp\/v2\/product_cat?post=18933"},{"taxonomy":"product_tag","embeddable":true,"href":"https:\/\/hidrotecni-k.com.ar\/site\/wp-json\/wp\/v2\/product_tag?post=18933"}],"curies":[{"name":"wp","href":"https:\/\/api.w.org\/{rel}","templated":true}]}}