{"id":18923,"date":"2024-11-29T11:27:27","date_gmt":"2024-11-29T14:27:27","guid":{"rendered":"https:\/\/hidrotecni-k.com.ar\/site\/?post_type=product&#038;p=18923"},"modified":"2024-11-29T11:27:30","modified_gmt":"2024-11-29T14:27:30","slug":"boquilla-rosca-hembra","status":"publish","type":"product","link":"https:\/\/hidrotecni-k.com.ar\/site\/producto\/boquilla-rosca-hembra\/","title":{"rendered":"Boquilla rosca hembra"},"content":{"rendered":"<p>Esta boquilla posee una distribuci\u00f3n uniforme de agua y se adec\u00faa a las toberas que ofrecemos rosca macho, as\u00ed como a cualquier otro cuerpo de pulverizador con rosca macho del mercado.<br \/>\nSon de larga duraci\u00f3n y otorgan flexibilidad en los alcances de riego adapt\u00e1ndose a una variedad de terrenos con un eficiente uso del agua.<br \/>\nPoseen filtros extra largos que extienden el tiempo entre limpiezas.<br \/>\nOpciones de radio: 6&#8242;, 8&#8242;, 10&#8242;, 12&#8242;, 15&#8242; y 17&#8242; (1,8; 2,4; 3,0; 3,7; 4,6 y 5,2 m).<\/p>\n","protected":false},"excerpt":{"rendered":"<p>Esta boquilla posee una distribuci\u00f3n uniforme de agua y se adec\u00faa a las toberas que ofrecemos rosca macho, as\u00ed como a cualquier otro cuerpo de pulverizador con rosca macho del mercado.<br \/>\nSon de larga duraci\u00f3n y otorgan flexibilidad en los alcances de riego adapt\u00e1ndose a una variedad de terrenos con un eficiente uso del agua.<br \/>\nPoseen filtros extra largos que extienden el tiempo entre limpiezas.<\/p>\n","protected":false},"featured_media":18924,"comment_status":"open","ping_status":"closed","template":"","meta":[],"product_brand":[],"product_cat":[67,70,65],"product_tag":[],"class_list":{"0":"post-18923","1":"product","2":"type-product","3":"status-publish","4":"has-post-thumbnail","6":"product_cat-aspersion","7":"product_cat-parques-y-jardines","8":"product_cat-riego","10":"first","11":"instock","12":"shipping-taxable","13":"product-type-simple"},"_links":{"self":[{"href":"https:\/\/hidrotecni-k.com.ar\/site\/wp-json\/wp\/v2\/product\/18923","targetHints":{"allow":["GET"]}}],"collection":[{"href":"https:\/\/hidrotecni-k.com.ar\/site\/wp-json\/wp\/v2\/product"}],"about":[{"href":"https:\/\/hidrotecni-k.com.ar\/site\/wp-json\/wp\/v2\/types\/product"}],"replies":[{"embeddable":true,"href":"https:\/\/hidrotecni-k.com.ar\/site\/wp-json\/wp\/v2\/comments?post=18923"}],"wp:featuredmedia":[{"embeddable":true,"href":"https:\/\/hidrotecni-k.com.ar\/site\/wp-json\/wp\/v2\/media\/18924"}],"wp:attachment":[{"href":"https:\/\/hidrotecni-k.com.ar\/site\/wp-json\/wp\/v2\/media?parent=18923"}],"wp:term":[{"taxonomy":"product_brand","embeddable":true,"href":"https:\/\/hidrotecni-k.com.ar\/site\/wp-json\/wp\/v2\/product_brand?post=18923"},{"taxonomy":"product_cat","embeddable":true,"href":"https:\/\/hidrotecni-k.com.ar\/site\/wp-json\/wp\/v2\/product_cat?post=18923"},{"taxonomy":"product_tag","embeddable":true,"href":"https:\/\/hidrotecni-k.com.ar\/site\/wp-json\/wp\/v2\/product_tag?post=18923"}],"curies":[{"name":"wp","href":"https:\/\/api.w.org\/{rel}","templated":true}]}}