{"id":18911,"date":"2024-11-28T16:39:30","date_gmt":"2024-11-28T19:39:30","guid":{"rendered":"https:\/\/hidrotecni-k.com.ar\/site\/?post_type=product&#038;p=18911"},"modified":"2024-11-28T16:42:02","modified_gmt":"2024-11-28T19:42:02","slug":"tobera-emergente-de-2-pulg-para-boquilla-rosca-hembra","status":"publish","type":"product","link":"https:\/\/hidrotecni-k.com.ar\/site\/producto\/tobera-emergente-de-2-pulg-para-boquilla-rosca-hembra\/","title":{"rendered":"Tobera emergente de 2 pulg para boquilla rosca hembra"},"content":{"rendered":"<p>Estas toberas tienen un perfil angosto para adaptarse f\u00e1cilmente a los sistemas existentes. Son ideales para regar c\u00e9spedes peque\u00f1os, cobertura vegetal y \u00e1reas de arbustos con acceso estrecho a los aspersores. Adem\u00e1s garantiza un funcionamiento sin fugas gracias a la junta autolimpiante de gran resistencia que posee.<br \/>\n<strong>Caracter\u00edsticas t\u00e9cnicas:<\/strong><\/p>\n<li>Presi\u00f3n de trabajo: \u2013 1,37 a 3,45 bares.<\/li>\n<li> Caudal: \u2013 0,11 \u2013 1,23 m3\/h.<\/li>\n<li>Entrada: \u2013 Rosca hembra de 1\/2\u2033.<\/li>\n<li>V\u00e1stago con carraca que permite una f\u00e1cil alineaci\u00f3n del sector de riego girando el v\u00e1stago.<\/li>\n<li>El resorte de acero inoxidable ofrece una retracci\u00f3n del v\u00e1stago en todas las condiciones de trabajo y tipos de suelo.<\/li>\n","protected":false},"excerpt":{"rendered":"<p>Estas toberas tienen un perfil angosto para adaptarse f\u00e1cilmente a los sistemas existentes. Son ideales para regar c\u00e9spedes peque\u00f1os, cobertura vegetal y \u00e1reas de arbustos con acceso estrecho a los aspersores. Adem\u00e1s garantiza un funcionamiento sin fugas gracias a la junta autolimpiante de gran resistencia que posee.<\/p>\n","protected":false},"featured_media":18912,"comment_status":"open","ping_status":"closed","template":"","meta":[],"product_brand":[],"product_cat":[67,70,65],"product_tag":[],"class_list":{"0":"post-18911","1":"product","2":"type-product","3":"status-publish","4":"has-post-thumbnail","6":"product_cat-aspersion","7":"product_cat-parques-y-jardines","8":"product_cat-riego","10":"first","11":"instock","12":"shipping-taxable","13":"product-type-simple"},"_links":{"self":[{"href":"https:\/\/hidrotecni-k.com.ar\/site\/wp-json\/wp\/v2\/product\/18911","targetHints":{"allow":["GET"]}}],"collection":[{"href":"https:\/\/hidrotecni-k.com.ar\/site\/wp-json\/wp\/v2\/product"}],"about":[{"href":"https:\/\/hidrotecni-k.com.ar\/site\/wp-json\/wp\/v2\/types\/product"}],"replies":[{"embeddable":true,"href":"https:\/\/hidrotecni-k.com.ar\/site\/wp-json\/wp\/v2\/comments?post=18911"}],"wp:featuredmedia":[{"embeddable":true,"href":"https:\/\/hidrotecni-k.com.ar\/site\/wp-json\/wp\/v2\/media\/18912"}],"wp:attachment":[{"href":"https:\/\/hidrotecni-k.com.ar\/site\/wp-json\/wp\/v2\/media?parent=18911"}],"wp:term":[{"taxonomy":"product_brand","embeddable":true,"href":"https:\/\/hidrotecni-k.com.ar\/site\/wp-json\/wp\/v2\/product_brand?post=18911"},{"taxonomy":"product_cat","embeddable":true,"href":"https:\/\/hidrotecni-k.com.ar\/site\/wp-json\/wp\/v2\/product_cat?post=18911"},{"taxonomy":"product_tag","embeddable":true,"href":"https:\/\/hidrotecni-k.com.ar\/site\/wp-json\/wp\/v2\/product_tag?post=18911"}],"curies":[{"name":"wp","href":"https:\/\/api.w.org\/{rel}","templated":true}]}}