{"id":18906,"date":"2024-11-28T16:23:11","date_gmt":"2024-11-28T19:23:11","guid":{"rendered":"https:\/\/hidrotecni-k.com.ar\/site\/?post_type=product&#038;p=18906"},"modified":"2024-11-28T16:45:26","modified_gmt":"2024-11-28T19:45:26","slug":"tobera-emergente-de-3-pulgadas-para-boquilla-rosca-macho","status":"publish","type":"product","link":"https:\/\/hidrotecni-k.com.ar\/site\/producto\/tobera-emergente-de-3-pulgadas-para-boquilla-rosca-macho\/","title":{"rendered":"Tobera Emergente de 3 pulg para boquilla Rosca Macho"},"content":{"rendered":"<p>Este producto de 3 pulgadas con opci\u00f3n de 4&#8243;, ofrece versatilidad de sistemas con una amplia gama de alturas emergentes adecuadas para muchas aplicaciones de c\u00e9sped. Permite desde peque\u00f1os macizos de flores hasta c\u00e9spedes residenciales y comerciales y \u00e1reas plantadas.<br \/>\nEst\u00e1 fabricada con pl\u00e1stico resistente a los rayos UV y piezas de acero inoxidable resistentes a la corrosi\u00f3n probados a lo largo del tiempo para una larga vida \u00fatil y confiabilidad del producto.<br \/>\n<strong>Caracter\u00edsticas t\u00e9cnicas:<\/strong><\/p>\n<li>Presi\u00f3n de trabajo: \u2013 1,37 a 3,45 bares.<\/li>\n<li>Caudal: \u2013 0,11 \u2013 1,23 m3\/h.<\/li>\n<li>Resorte de retracci\u00f3n de acero inoxidable: proporciona una retracci\u00f3n confiable del tubo ascendente en todas las condiciones del suelo<\/li>\n<li>es compatible con boquillas rosca macho.<\/li>\n<li>V\u00e1stago con carraca que permite una f\u00e1cil alineaci\u00f3n del sector de riego girando el v\u00e1stago.<\/li>\n<li>Junta autolimpiante de gran resistencia, que garantiza un funcionamiento sin fugas y una emergencia total incluso en situaciones de baja presi\u00f3n.<\/li>\n","protected":false},"excerpt":{"rendered":"<p>Este producto de 3 pulgadas ofrece versatilidad de sistemas con una amplia gama de alturas emergentes adecuadas para muchas aplicaciones de c\u00e9sped. Permite desde peque\u00f1os macizos de flores hasta c\u00e9spedes residenciales y comerciales y \u00e1reas plantadas.<br \/>\nEst\u00e1 fabricada con pl\u00e1stico resistente a los rayos UV y piezas de acero inoxidable resistentes a la corrosi\u00f3n probados a lo largo del tiempo para una larga vida \u00fatil y confiabilidad del producto.<\/p>\n","protected":false},"featured_media":18907,"comment_status":"open","ping_status":"closed","template":"","meta":[],"product_brand":[],"product_cat":[67,70,65],"product_tag":[],"class_list":{"0":"post-18906","1":"product","2":"type-product","3":"status-publish","4":"has-post-thumbnail","6":"product_cat-aspersion","7":"product_cat-parques-y-jardines","8":"product_cat-riego","10":"first","11":"instock","12":"shipping-taxable","13":"product-type-simple"},"_links":{"self":[{"href":"https:\/\/hidrotecni-k.com.ar\/site\/wp-json\/wp\/v2\/product\/18906","targetHints":{"allow":["GET"]}}],"collection":[{"href":"https:\/\/hidrotecni-k.com.ar\/site\/wp-json\/wp\/v2\/product"}],"about":[{"href":"https:\/\/hidrotecni-k.com.ar\/site\/wp-json\/wp\/v2\/types\/product"}],"replies":[{"embeddable":true,"href":"https:\/\/hidrotecni-k.com.ar\/site\/wp-json\/wp\/v2\/comments?post=18906"}],"wp:featuredmedia":[{"embeddable":true,"href":"https:\/\/hidrotecni-k.com.ar\/site\/wp-json\/wp\/v2\/media\/18907"}],"wp:attachment":[{"href":"https:\/\/hidrotecni-k.com.ar\/site\/wp-json\/wp\/v2\/media?parent=18906"}],"wp:term":[{"taxonomy":"product_brand","embeddable":true,"href":"https:\/\/hidrotecni-k.com.ar\/site\/wp-json\/wp\/v2\/product_brand?post=18906"},{"taxonomy":"product_cat","embeddable":true,"href":"https:\/\/hidrotecni-k.com.ar\/site\/wp-json\/wp\/v2\/product_cat?post=18906"},{"taxonomy":"product_tag","embeddable":true,"href":"https:\/\/hidrotecni-k.com.ar\/site\/wp-json\/wp\/v2\/product_tag?post=18906"}],"curies":[{"name":"wp","href":"https:\/\/api.w.org\/{rel}","templated":true}]}}