{"id":18441,"date":"2024-10-24T16:28:26","date_gmt":"2024-10-24T19:28:26","guid":{"rendered":"https:\/\/hidrotecni-k.com.ar\/site\/?post_type=product&#038;p=18441"},"modified":"2024-10-24T16:43:20","modified_gmt":"2024-10-24T19:43:20","slug":"aspersor-emergente-de-3-4-con-radio-de-alcance-de-67-a-155-mts","status":"publish","type":"product","link":"https:\/\/hidrotecni-k.com.ar\/site\/producto\/aspersor-emergente-de-3-4-con-radio-de-alcance-de-67-a-155-mts\/","title":{"rendered":"Aspersor emergente de 3\/4&#8243; con radio de alcance de 6,7 a 15,5 mts"},"content":{"rendered":"<p>Este aspersor est\u00e1 dise\u00f1ado para aplicaciones residenciales, \u00e1reas verdes y\/o comerciales.<br \/>\nEs totalmente ajustable ya que proporciona un radio de giro de 40\u00b0 a 360\u00b0, pudiendo ser un circulo total o parcial seg\u00fan lo requiera en la instalaci\u00f3n.<br \/>\nEste arco de giro es f\u00e1cilmente ajustable con un destornillador de punta plana que se encuentra en la parte superior, pudi\u00e9ndose determinar antes de ser instalado.<br \/>\nPosee una amplia selecci\u00f3n de boquillas lo que proporciona la m\u00e1xima flexibilidad en el dise\u00f1o de cada instalaci\u00f3n, y as\u00ed poder alcanzar la Pluviometr\u00eda deseada.<br \/>\n<strong>Caracter\u00edsticas:<\/strong><\/p>\n<li>Entrada de 3\/4\u2033 (20 mm)<\/li>\n<li>Trayectoria boquilla standard:  \u2013 25\u00b0.<\/li>\n<li>Trayectoria boquilla \u00e1ngulo bajo: \u2013 11\u00b0.<\/li>\n<li>Radio de alcance:  \u2013 6,7 a 15,5 metros.<\/li>\n<p>\t<strong><\/p>\n<li>Ideal para aplicaciones de bajo flujo.<\/li>\n<p><\/strong><\/p>\n<li> Presi\u00f3n de trabajo: \u2013 2,00 a 5,00 Kg\/cm2.<\/li>\n<li>Tornillo de ajuste del chorro: Permite reducir el alcance en un 25% sin necesidad de cambiar la boquilla.<\/li>\n<li>Cubierta de goma: evita la entrada de suciedad y aumenta la durabilidad.<\/li>\n<li>Altura del v\u00e1stago: 10 cm.<\/li>\n","protected":false},"excerpt":{"rendered":"<p>Este aspersor est\u00e1 dise\u00f1ado para aplicaciones residenciales, \u00e1reas verdes y\/o comerciales.<br \/>\nEs totalmente ajustable ya que proporciona un radio de giro de 40\u00b0 a 360\u00b0, pudiendo ser un circulo total o parcial seg\u00fan lo requiera en la instalaci\u00f3n.<br \/>\n<strong>Caracter\u00edsticas:<\/strong><\/p>\n<li>Entrada de 3\/4\u2033 (20 mm)<\/li>\n<li>Trayectoria boquilla standard:  \u2013 25\u00b0.<\/li>\n<li>Trayectoria boquilla \u00e1ngulo bajo: \u2013 11\u00b0.<\/li>\n<li>Radio de alcance:  \u2013 6,7 a 15,5 metros.<\/li>\n<p>\t<strong><\/p>\n<li> Ideal para aplicaciones de bajo flujo.<\/li>\n<p><\/strong><\/p>\n<li> Presi\u00f3n de trabajo: \u2013 2,00 a 5,00 Kg\/cm2.<\/li>\n<li>Tornillo de ajuste del chorro: Permite reducir el alcance en un 25% sin necesidad de cambiar la boquilla.<\/li>\n<li>Cubierta de goma: evita la entrada de suciedad y aumenta la durabilidad.<\/li>\n<li>Altura del v\u00e1stago: 10 cm.<\/li>\n","protected":false},"featured_media":18442,"comment_status":"open","ping_status":"closed","template":"","meta":[],"product_brand":[],"product_cat":[67,70,65],"product_tag":[],"class_list":{"0":"post-18441","1":"product","2":"type-product","3":"status-publish","4":"has-post-thumbnail","6":"product_cat-aspersion","7":"product_cat-parques-y-jardines","8":"product_cat-riego","10":"first","11":"instock","12":"shipping-taxable","13":"product-type-simple"},"_links":{"self":[{"href":"https:\/\/hidrotecni-k.com.ar\/site\/wp-json\/wp\/v2\/product\/18441","targetHints":{"allow":["GET"]}}],"collection":[{"href":"https:\/\/hidrotecni-k.com.ar\/site\/wp-json\/wp\/v2\/product"}],"about":[{"href":"https:\/\/hidrotecni-k.com.ar\/site\/wp-json\/wp\/v2\/types\/product"}],"replies":[{"embeddable":true,"href":"https:\/\/hidrotecni-k.com.ar\/site\/wp-json\/wp\/v2\/comments?post=18441"}],"wp:featuredmedia":[{"embeddable":true,"href":"https:\/\/hidrotecni-k.com.ar\/site\/wp-json\/wp\/v2\/media\/18442"}],"wp:attachment":[{"href":"https:\/\/hidrotecni-k.com.ar\/site\/wp-json\/wp\/v2\/media?parent=18441"}],"wp:term":[{"taxonomy":"product_brand","embeddable":true,"href":"https:\/\/hidrotecni-k.com.ar\/site\/wp-json\/wp\/v2\/product_brand?post=18441"},{"taxonomy":"product_cat","embeddable":true,"href":"https:\/\/hidrotecni-k.com.ar\/site\/wp-json\/wp\/v2\/product_cat?post=18441"},{"taxonomy":"product_tag","embeddable":true,"href":"https:\/\/hidrotecni-k.com.ar\/site\/wp-json\/wp\/v2\/product_tag?post=18441"}],"curies":[{"name":"wp","href":"https:\/\/api.w.org\/{rel}","templated":true}]}}