{"id":861,"date":"2017-08-02T11:41:42","date_gmt":"2017-08-02T11:41:42","guid":{"rendered":"http:\/\/dummy.xtemos.com\/woodmart\/demos\/?page_id=861"},"modified":"2023-01-17T15:56:21","modified_gmt":"2023-01-17T18:56:21","slug":"nosotros","status":"publish","type":"page","link":"https:\/\/hidrotecni-k.com.ar\/site\/nosotros\/","title":{"rendered":"Nosotros"},"content":{"rendered":"<section class=\"wpb-content-wrapper\"><p>[vc_section full_width=&#8221;stretch_row&#8221; full_height=&#8221;yes&#8221; content_placement=&#8221;middle&#8221; woodmart_bg_position=&#8221;center-center&#8221; woodmart_gradient_switch=&#8221;no&#8221; css=&#8221;.vc_custom_1549578902900{margin-top: -40px !important;padding-top: 20vh !important;padding-bottom: 20vh !important;background-image: url(http:\/\/hidrotecni-k.com.ar\/site\/wp-content\/uploads\/2019\/02\/frente-hidrotecnik.jpg?id=2511) !important;background-position: center !important;background-repeat: no-repeat !important;background-size: cover !important;}&#8221; mobile_bg_img_hidden=&#8221;no&#8221; woodmart_parallax=&#8221;0&#8243; woodmart_disable_overflow=&#8221;0&#8243;][vc_row css=&#8221;.vc_custom_1549560946117{margin-right: 15px !important;margin-left: 15px !important;}&#8221; mobile_bg_img_hidden=&#8221;no&#8221; woodmart_parallax=&#8221;0&#8243; woodmart_gradient_switch=&#8221;no&#8221; row_reverse_mobile=&#8221;0&#8243; row_reverse_tablet=&#8221;0&#8243; woodmart_disable_overflow=&#8221;0&#8243;][vc_column width=&#8221;7\/12&#8243; css=&#8221;.vc_custom_1561006034795{padding-top: 40px !important;padding-right: 40px !important;padding-bottom: 10px !important;padding-left: 40px !important;background-color: #ffffff !important;border-radius: 20px !important;}&#8221; mobile_bg_img_hidden=&#8221;no&#8221; woodmart_parallax=&#8221;0&#8243; woodmart_sticky_column=&#8221;false&#8221; parallax_scroll=&#8221;no&#8221; mobile_reset_margin=&#8221;no&#8221; tablet_reset_margin=&#8221;no&#8221; tablet_bg_img_hidden=&#8221;no&#8221;]\n\t\t<div id=\"wd-5d0b10bf12001\" class=\"title-wrapper wd-wpb set-mb-s reset-last-child  wd-rs-5d0b10bf12001 wd-title-color-primary wd-title-style-default text-left  wd-underline-colored\">\n\t\t\t\t\t\t\t<div class=\"title-subtitle  subtitle-color-primary font-default subtitle-style-default wd-font-weight-900 wd-fontsize-m\">Agua es vida!<\/div>\n\t\t\t\n\t\t\t<div class=\"liner-continer\">\n\t\t\t\t<h4 class=\"woodmart-title-container title  wd-font-weight-900 wd-fontsize-xxxl\" >Conoc\u00e9 Hidrotecni-k<\/h4>\n\t\t\t\t\t\t\t<\/div>\n\t\t\t\n\t\t\t\n\t\t\t\n\t\t<\/div>\n\t\t\n\t\t[vc_row_inner][vc_column_inner css=&#8221;.vc_custom_1500283497886{padding-top: 0px !important;}&#8221; offset=&#8221;vc_col-lg-6 vc_col-md-6&#8243;][vc_column_text text_larger=&#8221;yes&#8221; css=&#8221;.vc_custom_1549562910832{margin-bottom: 30px !important;}&#8221;]En <strong>Hidrotecni-k<\/strong> contamos con m\u00e1s de 30 a\u00f1os de experiencia en el rubro de los equipos e insumos h\u00eddricos. Es por esto y por nuestros productos de las[\/vc_column_text][\/vc_column_inner][vc_column_inner offset=&#8221;vc_col-lg-6 vc_col-md-6&#8243;][vc_column_text text_larger=&#8221;yes&#8221; css=&#8221;.vc_custom_1549562918694{margin-bottom: 30px !important;}&#8221;]primeras marcas del mercado que somos la mejor opci\u00f3n a la hora del mantenimiento e instalaci\u00f3n de sus equipos.[\/vc_column_text][\/vc_column_inner][\/vc_row_inner][vc_separator color=&#8221;custom&#8221; accent_color=&#8221;rgba(130,130,130,0.22)&#8221; css=&#8221;.vc_custom_1500278392469{margin-bottom: 30px !important;}&#8221;][vc_row_inner][vc_column_inner css=&#8221;.vc_custom_1500278890890{margin-bottom: 0px !important;}&#8221;][vc_column_text el_class=&#8221;text-larger&#8221; css=&#8221;.vc_custom_1549562988823{margin-bottom: 30px !important;}&#8221; text_larger=&#8221;no&#8221;]S\u00edguenos en las redes sociales <strong><a href=\"https:\/\/www.instagram.com\/hidrotecnik\/\" target=\"_blank\" rel=\"noopener noreferrer\">Instagram<\/a><\/strong>\u00a0y <strong><a href=\"https:\/\/www.facebook.com\/hidrotecnik\" target=\"_blank\" rel=\"noopener noreferrer\">Facebook<\/a><\/strong>[\/vc_column_text][\/vc_column_inner][\/vc_row_inner][\/vc_column][vc_column width=&#8221;5\/12&#8243; css=&#8221;.vc_custom_1500275538533{padding-top: 0px !important;}&#8221;][\/vc_column][\/vc_row][\/vc_section][vc_row full_width=&#8221;stretch_row_content&#8221; content_placement=&#8221;middle&#8221; mobile_bg_img_hidden=&#8221;no&#8221; woodmart_parallax=&#8221;0&#8243; woodmart_gradient_switch=&#8221;no&#8221; row_reverse_mobile=&#8221;0&#8243; row_reverse_tablet=&#8221;0&#8243; woodmart_disable_overflow=&#8221;0&#8243; css=&#8221;.vc_custom_1673981779613{margin-bottom: -40px !important;padding-top: 20px !important;padding-bottom: 55px !important;background-color: #eaf9ee !important;}&#8221; woodmart_css_id=&#8221;63c6ef4e4c5fe&#8221; responsive_spacing=&#8221;eyJwYXJhbV90eXBlIjoid29vZG1hcnRfcmVzcG9uc2l2ZV9zcGFjaW5nIiwic2VsZWN0b3JfaWQiOiI2M2M2ZWY0ZTRjNWZlIiwic2hvcnRjb2RlIjoidmNfcm93IiwiZGF0YSI6eyJ0YWJsZXQiOnt9LCJtb2JpbGUiOnt9fX0=&#8221; tablet_bg_img_hidden=&#8221;no&#8221; woodmart_box_shadow=&#8221;no&#8221; wd_z_index=&#8221;no&#8221;][vc_column]\n\t\t<div id=\"wd-5d0b10d77f685\" class=\"title-wrapper wd-wpb set-mb-s reset-last-child  wd-rs-5d0b10d77f685 wd-title-color-primary wd-title-style-default text-center  wd-underline-colored\">\n\t\t\t\t\t\t\t<div class=\"title-subtitle  subtitle-color-primary font-default subtitle-style-default wd-font-weight-900 wd-fontsize-m\">Mantenete al d\u00eda con nosotros!<\/div>\n\t\t\t\n\t\t\t<div class=\"liner-continer\">\n\t\t\t\t<h4 class=\"woodmart-title-container title  wd-font-weight-900 wd-fontsize-xxxl\" >Nuestro Feed de Instagram<\/h4>\n\t\t\t\t\t\t\t<\/div>\n\t\t\t\n\t\t\t\t\t\t\t<div class=\"title-after_title  set-cont-mb-s reset-last-child  wd-fontsize-s\">Seguinos en Instagram y enterate de todos los productos que ingresan y estan en promo!<\/div>\n\t\t\t\n\t\t\t\n\t\t<\/div>\n\t\t\n\t\t[elfsight_instagram_feed id=&#8221;2&#8243;][\/vc_column][\/vc_row]<\/p>\n<\/section>","protected":false},"excerpt":{"rendered":"<p>[vc_section full_width=&#8221;stretch_row&#8221; full_height=&#8221;yes&#8221; content_placement=&#8221;middle&#8221; woodmart_bg_position=&#8221;center-center&#8221; woodmart_gradient_switch=&#8221;no&#8221; css=&#8221;.vc_custom_1549578902900{margin-top: -40px !important;padding-top: 20vh !important;padding-bottom: 20vh !important;background-image: url(http:\/\/hidrotecni-k.com.ar\/site\/wp-content\/uploads\/2019\/02\/frente-hidrotecnik.jpg?id=2511) !important;background-position: center !important;background-repeat: no-repeat !important;background-size: cover<\/p>\n","protected":false},"author":3,"featured_media":0,"parent":0,"menu_order":0,"comment_status":"closed","ping_status":"closed","template":"","meta":{"footnotes":""},"class_list":["post-861","page","type-page","status-publish","hentry"],"_links":{"self":[{"href":"https:\/\/hidrotecni-k.com.ar\/site\/wp-json\/wp\/v2\/pages\/861","targetHints":{"allow":["GET"]}}],"collection":[{"href":"https:\/\/hidrotecni-k.com.ar\/site\/wp-json\/wp\/v2\/pages"}],"about":[{"href":"https:\/\/hidrotecni-k.com.ar\/site\/wp-json\/wp\/v2\/types\/page"}],"author":[{"embeddable":true,"href":"https:\/\/hidrotecni-k.com.ar\/site\/wp-json\/wp\/v2\/users\/3"}],"replies":[{"embeddable":true,"href":"https:\/\/hidrotecni-k.com.ar\/site\/wp-json\/wp\/v2\/comments?post=861"}],"version-history":[{"count":33,"href":"https:\/\/hidrotecni-k.com.ar\/site\/wp-json\/wp\/v2\/pages\/861\/revisions"}],"predecessor-version":[{"id":3578,"href":"https:\/\/hidrotecni-k.com.ar\/site\/wp-json\/wp\/v2\/pages\/861\/revisions\/3578"}],"wp:attachment":[{"href":"https:\/\/hidrotecni-k.com.ar\/site\/wp-json\/wp\/v2\/media?parent=861"}],"curies":[{"name":"wp","href":"https:\/\/api.w.org\/{rel}","templated":true}]}}