{"id":2828,"date":"2019-06-24T18:16:48","date_gmt":"2019-06-24T21:16:48","guid":{"rendered":"http:\/\/hidrotecni-k.com.ar\/site\/?page_id=2828"},"modified":"2019-06-24T18:23:45","modified_gmt":"2019-06-24T21:23:45","slug":"destacados","status":"publish","type":"page","link":"https:\/\/hidrotecni-k.com.ar\/site\/productos\/destacados\/","title":{"rendered":"Productos Destacados"},"content":{"rendered":"<section class=\"wpb-content-wrapper\"><p>[vc_row][vc_column]\t\t\t<div class=\"wd-products-element\">\n\t\t\t\n\t\t\n\t\t\t\t\t<div class=\"products elements-grid align-items-start row wd-products-holder  wd-spacing-20 grid-columns-3 pagination- align-items-start\" data-paged=\"1\" data-atts=\"{&quot;element_title&quot;:&quot;&quot;,&quot;post_type&quot;:&quot;featured&quot;,&quot;layout&quot;:&quot;grid&quot;,&quot;include&quot;:&quot;&quot;,&quot;custom_query&quot;:&quot;&quot;,&quot;taxonomies&quot;:&quot;&quot;,&quot;pagination&quot;:&quot;&quot;,&quot;items_per_page&quot;:12,&quot;product_hover&quot;:&quot;inherit&quot;,&quot;spacing&quot;:&quot;20&quot;,&quot;columns&quot;:&quot;3&quot;,&quot;columns_tablet&quot;:&quot;auto&quot;,&quot;columns_mobile&quot;:&quot;auto&quot;,&quot;sale_countdown&quot;:&quot;0&quot;,&quot;stretch_product_desktop&quot;:0,&quot;stretch_product_tablet&quot;:0,&quot;stretch_product_mobile&quot;:0,&quot;stock_progress_bar&quot;:&quot;0&quot;,&quot;highlighted_products&quot;:&quot;0&quot;,&quot;products_bordered_grid&quot;:&quot;0&quot;,&quot;products_bordered_grid_style&quot;:&quot;outside&quot;,&quot;product_quantity&quot;:0,&quot;offset&quot;:&quot;&quot;,&quot;orderby&quot;:&quot;date&quot;,&quot;query_type&quot;:&quot;OR&quot;,&quot;order&quot;:&quot;&quot;,&quot;meta_key&quot;:&quot;&quot;,&quot;exclude&quot;:&quot;&quot;,&quot;class&quot;:&quot;&quot;,&quot;ajax_page&quot;:&quot;&quot;,&quot;speed&quot;:&quot;5000&quot;,&quot;slides_per_view&quot;:&quot;4&quot;,&quot;slides_per_view_tablet&quot;:&quot;auto&quot;,&quot;slides_per_view_mobile&quot;:&quot;auto&quot;,&quot;wrap&quot;:&quot;&quot;,&quot;autoplay&quot;:&quot;no&quot;,&quot;center_mode&quot;:&quot;no&quot;,&quot;hide_pagination_control&quot;:&quot;&quot;,&quot;hide_prev_next_buttons&quot;:&quot;&quot;,&quot;scroll_per_page&quot;:&quot;yes&quot;,&quot;img_size&quot;:&quot;woocommerce_thumbnail&quot;,&quot;force_not_ajax&quot;:&quot;no&quot;,&quot;products_masonry&quot;:&quot;0&quot;,&quot;products_different_sizes&quot;:&quot;0&quot;,&quot;lazy_loading&quot;:&quot;no&quot;,&quot;scroll_carousel_init&quot;:&quot;no&quot;,&quot;el_class&quot;:&quot;&quot;,&quot;shop_tools&quot;:&quot;no&quot;,&quot;query_post_type&quot;:&quot;product&quot;,&quot;hide_out_of_stock&quot;:&quot;no&quot;,&quot;css&quot;:&quot;&quot;,&quot;woodmart_css_id&quot;:&quot;&quot;,&quot;ajax_recently_viewed&quot;:&quot;no&quot;,&quot;is_wishlist&quot;:&quot;&quot;}\" data-source=\"shortcode\" data-columns=\"3\">\n\t\t\t<div class=\"product-grid-item wd-with-labels product product-no-swatches wd-hover-base woodmart-hover-base wd-hover-with-fade  col-lg-4 col-md-4 col-6 first  type-product post-2944 status-publish instock product_cat-centrifugas-repuestos product_cat-impulsores product_cat-repuestos product_cat-sellos-mecanicos product_cat-tapas has-post-thumbnail featured shipping-taxable product-type-simple\" data-loop=\"1\" data-id=\"2944\">\n\t\n\t\n<div class=\"product-wrapper\">\n\t<div class=\"content-product-imagin\"><\/div>\n\t<div class=\"product-element-top wd-quick-shop\">\n\t\t<a href=\"https:\/\/hidrotecni-k.com.ar\/site\/producto\/repuesto-bomba-centrifuga-ect-100\/\" class=\"product-image-link\">\n\t\t\t<div class=\"product-labels labels-rounded\"><span class=\"featured product-label\">Dest<\/span><\/div><img loading=\"lazy\" decoding=\"async\" width=\"600\" height=\"600\" src=\"https:\/\/hidrotecni-k.com.ar\/site\/wp-content\/uploads\/2019\/06\/d132203_1-600x600.jpg\" class=\"attachment-woocommerce_thumbnail size-woocommerce_thumbnail\" alt=\"\" srcset=\"https:\/\/hidrotecni-k.com.ar\/site\/wp-content\/uploads\/2019\/06\/d132203_1-600x600.jpg 600w, https:\/\/hidrotecni-k.com.ar\/site\/wp-content\/uploads\/2019\/06\/d132203_1-150x150.jpg 150w, https:\/\/hidrotecni-k.com.ar\/site\/wp-content\/uploads\/2019\/06\/d132203_1-100x100.jpg 100w\" sizes=\"auto, (max-width: 600px) 100vw, 600px\" \/>\t\t<\/a>\n\t\t\t\t<div class=\"wrapp-swatches\">\t\t<div class=\"wd-compare-btn product-compare-button wd-action-btn wd-style-icon wd-compare-icon\">\n\t\t\t<a href=\"https:\/\/hidrotecni-k.com.ar\/site\/comparar\/\" data-id=\"2944\" rel=\"nofollow\" data-added-text=\"Coparar Productos\">\n\t\t\t\t<span>Comparar<\/span>\n\t\t\t<\/a>\n\t\t<\/div>\n\t\t<\/div>\n\t<\/div>\n\n\t<div class=\"product-element-bottom product-information\">\n\t\t<h3 class=\"wd-entities-title\"><a href=\"https:\/\/hidrotecni-k.com.ar\/site\/producto\/repuesto-bomba-centrifuga-ect-100\/\">Repuesto Bomba centr\u00edfuga ECT-100<\/a><\/h3>\t\t\t\t<div class=\"wd-product-cats woodmart-product-cats\">\n\t\t\t<a href=\"https:\/\/hidrotecni-k.com.ar\/site\/producto-categoria\/repuestos\/\" rel=\"tag\">Repuestos<\/a>, <a href=\"https:\/\/hidrotecni-k.com.ar\/site\/producto-categoria\/repuestos\/centrifugas-repuestos\/\" rel=\"tag\">Centr\u00edfugas<\/a>, <a href=\"https:\/\/hidrotecni-k.com.ar\/site\/producto-categoria\/repuestos\/impulsores\/\" rel=\"tag\">Impulsores<\/a>, <a href=\"https:\/\/hidrotecni-k.com.ar\/site\/producto-categoria\/repuestos\/sellos-mecanicos\/\" rel=\"tag\">Sellos Mec\u00e1nicos<\/a>, <a href=\"https:\/\/hidrotecni-k.com.ar\/site\/producto-categoria\/repuestos\/tapas\/\" rel=\"tag\">Tapas<\/a>\t\t<\/div>\n\t\t\t\t<div class=\"product-rating-price\">\n\t\t\t<div class=\"wrapp-product-price\">\n\t\t\t\t\t\t\t\t\t\t\t<\/div>\n\t\t<\/div>\n\t\t<div class=\"fade-in-block\">\n\t\t\t<div class=\"hover-content wd-more-desc woodmart-more-desc\">\n\t\t\t\t<div class=\"hover-content-inner wd-more-desc-inner woodmart-more-desc-inner\">\n\t\t\t\t\t<table class=\"table table-striped\">\r\n<thead>\r\n<tr>\r\n<th class=\"a-center\">N\u00b0<\/th>\r\n<th>Descripci\u00f3n<\/th>\r\n<th>C\u00f3digo<\/th>\r\n<th class=\"a-center\">N\u00b0<\/th>\r\n<th>Descripci\u00f3n<\/th>\r\n<th>C\u00f3digo<\/th>\r\n<\/tr>\r\n<\/thead>\r\n<tbody>\r\n<tr class=\"odd\">\r\n<td class=\"a-center\">1<\/td>\r\n<td>Tap\u00f3n de bronce 1\/4<\/td>\r\n<td>239168<\/td>\r\n<td class=\"a-center\">6<\/td>\r\n<td>O'Ring p\/ cuerpo ECM 0.75 \/ 1.00<\/td>\r\n<td>239075<\/td>\r\n<\/tr>\r\n<tr class=\"\">\r\n<td class=\"a-center\">2<\/td>\r\n<td>Junta p\/ tap\u00f3n de bronce<\/td>\r\n<td>239184<\/td>\r\n<td class=\"a-center\">7<\/td>\r\n<td>Motor centr\u00edfuga 1.00 HP - Trif\u00e1sico<\/td>\r\n<td>132423<\/td>\r\n<\/tr>\r\n<tr class=\"\">\r\n<td class=\"a-center\">3<\/td>\r\n<td>Cuerpo fundici\u00f3n gris ECM 0.75 \/ 1.00<\/td>\r\n<td>239072<\/td>\r\n<td class=\"a-center\">8<\/td>\r\n<td>Arandela el\u00e1stica 5\/16\" (tipo grower)<\/td>\r\n<td>239171<\/td>\r\n<\/tr>\r\n<tr class=\"\">\r\n<td class=\"a-center\">4<\/td>\r\n<td>Impulsor ECT 1.00HP<\/td>\r\n<td>23906C<\/td>\r\n<td class=\"a-center\">9<\/td>\r\n<td>Tornillo 5\/16 x 1\"<\/td>\r\n<td>239078<\/td>\r\n<\/tr>\r\n<tr class=\"\">\r\n<td class=\"a-center\">5<\/td>\r\n<td><a href=\"https:\/\/www.vulcano-sa.com\/ar\/239009\/\">Sello mec\u00e1nico c\/ pista <\/a>cer\u00e1mica<\/td>\r\n<td>239009<\/td>\r\n<td><\/td>\r\n<td><\/td>\r\n<td><\/td>\r\n<\/tr>\r\n<\/tbody>\r\n<\/table>\t\t\t\t<\/div>\n\t\t\t\t<a href=\"#\" rel=\"nofollow\" class=\"wd-more-desc-btn woodmart-more-desc-btn\" aria-label=\"Read more description\"><span><\/span><\/a>\n\t\t\t<\/div>\n\t\t\t<div class=\" wd-bottom-actions\">\n\t\t\t\t<div class=\"wrap-wishlist-button\">\t\t\t<div class=\"wd-wishlist-btn wd-action-btn wd-style-icon wd-wishlist-icon woodmart-wishlist-btn\">\n\t\t\t\t<a class=\"\" href=\"https:\/\/hidrotecni-k.com.ar\/site\/lista-deseos\/\" data-key=\"aa03fc0f7d\" data-product-id=\"2944\" rel=\"nofollow\" data-added-text=\"Browse Wishlist\">\n\t\t\t\t\t<span>Add to wishlist<\/span>\n\t\t\t\t<\/a>\n\t\t\t<\/div>\n\t\t<\/div>\n\t\t\t\t<div class=\"wd-add-btn wd-add-btn-replace woodmart-add-btn\">\n\t\t\t\t\t\t\t\t\t\t\t\t\t\t<\/div>\n\t\t\t\t<div class=\"wrap-quickview-button\">\t\t<div class=\"quick-view wd-action-btn wd-style-icon wd-quick-view-icon wd-quick-view-btn\">\n\t\t\t<a\n\t\t\t\thref=\"https:\/\/hidrotecni-k.com.ar\/site\/producto\/repuesto-bomba-centrifuga-ect-100\/\"\n\t\t\t\tclass=\"open-quick-view quick-view-button\"\n\t\t\t\trel=\"nofollow\"\n\t\t\t\tdata-id=\"2944\"\n\t\t\t\t>Quick view<\/a>\n\t\t<\/div>\n\t\t<\/div>\n\t\t\t<\/div>\n\n\n\t\t\t\t\t\t\n\t\t\t\t\t<\/div>\n\t<\/div>\n<\/div>\n<\/div>\n<div class=\"product-grid-item wd-with-labels product product-no-swatches wd-hover-base woodmart-hover-base wd-hover-with-fade  col-lg-4 col-md-4 col-6 type-product post-2626 status-publish instock product_cat-bombas product_cat-centrifugas has-post-thumbnail featured shipping-taxable product-type-simple\" data-loop=\"2\" data-id=\"2626\">\n\t\n\t\n<div class=\"product-wrapper\">\n\t<div class=\"content-product-imagin\"><\/div>\n\t<div class=\"product-element-top wd-quick-shop\">\n\t\t<a href=\"https:\/\/hidrotecni-k.com.ar\/site\/producto\/bomba-centrifuga-ecm-050\/\" class=\"product-image-link\">\n\t\t\t<div class=\"product-labels labels-rounded\"><span class=\"featured product-label\">Dest<\/span><\/div><img loading=\"lazy\" decoding=\"async\" width=\"600\" height=\"600\" src=\"https:\/\/hidrotecni-k.com.ar\/site\/wp-content\/uploads\/2019\/06\/132200_12-600x600.jpg\" class=\"attachment-woocommerce_thumbnail size-woocommerce_thumbnail\" alt=\"\" srcset=\"https:\/\/hidrotecni-k.com.ar\/site\/wp-content\/uploads\/2019\/06\/132200_12-600x600.jpg 600w, https:\/\/hidrotecni-k.com.ar\/site\/wp-content\/uploads\/2019\/06\/132200_12-150x150.jpg 150w, https:\/\/hidrotecni-k.com.ar\/site\/wp-content\/uploads\/2019\/06\/132200_12-300x300.jpg 300w, https:\/\/hidrotecni-k.com.ar\/site\/wp-content\/uploads\/2019\/06\/132200_12-768x768.jpg 768w, https:\/\/hidrotecni-k.com.ar\/site\/wp-content\/uploads\/2019\/06\/132200_12-1024x1024.jpg 1024w, https:\/\/hidrotecni-k.com.ar\/site\/wp-content\/uploads\/2019\/06\/132200_12.jpg 1200w, https:\/\/hidrotecni-k.com.ar\/site\/wp-content\/uploads\/2019\/06\/132200_12-100x100.jpg 100w\" sizes=\"auto, (max-width: 600px) 100vw, 600px\" \/>\t\t<\/a>\n\t\t\t\t<div class=\"wrapp-swatches\">\t\t<div class=\"wd-compare-btn product-compare-button wd-action-btn wd-style-icon wd-compare-icon\">\n\t\t\t<a href=\"https:\/\/hidrotecni-k.com.ar\/site\/comparar\/\" data-id=\"2626\" rel=\"nofollow\" data-added-text=\"Coparar Productos\">\n\t\t\t\t<span>Comparar<\/span>\n\t\t\t<\/a>\n\t\t<\/div>\n\t\t<\/div>\n\t<\/div>\n\n\t<div class=\"product-element-bottom product-information\">\n\t\t<h3 class=\"wd-entities-title\"><a href=\"https:\/\/hidrotecni-k.com.ar\/site\/producto\/bomba-centrifuga-ecm-050\/\">Bomba centr\u00edfuga ECM-050<\/a><\/h3>\t\t\t\t<div class=\"wd-product-cats woodmart-product-cats\">\n\t\t\t<a href=\"https:\/\/hidrotecni-k.com.ar\/site\/producto-categoria\/bombas\/\" rel=\"tag\">Bombas<\/a>, <a href=\"https:\/\/hidrotecni-k.com.ar\/site\/producto-categoria\/bombas\/centrifugas\/\" rel=\"tag\">Centr\u00edfugas<\/a>\t\t<\/div>\n\t\t\t\t<div class=\"product-rating-price\">\n\t\t\t<div class=\"wrapp-product-price\">\n\t\t\t\t\t\t\t\t\t\t\t<\/div>\n\t\t<\/div>\n\t\t<div class=\"fade-in-block\">\n\t\t\t<div class=\"hover-content wd-more-desc woodmart-more-desc\">\n\t\t\t\t<div class=\"hover-content-inner wd-more-desc-inner woodmart-more-desc-inner\">\n\t\t\t\t\tElectrobomba centr\u00edfuga ECM 050 Vulcano de 0.50 HP de potencia y tensi\u00f3n monof\u00e1sica de 220V-50HZ, dise\u00f1ada para brindar la mejor relaci\u00f3n presi\u00f3n-caudal del mercado, con el mejor rendimiento energ\u00e9tico. Elegidas por los instaladores m\u00e1s exigentes para el bombeo de agua limpia para elevaci\u00f3n a tanques cisternas, en sistemas de presurizaci\u00f3n y riego de parques y jardines.\t\t\t\t<\/div>\n\t\t\t\t<a href=\"#\" rel=\"nofollow\" class=\"wd-more-desc-btn woodmart-more-desc-btn\" aria-label=\"Read more description\"><span><\/span><\/a>\n\t\t\t<\/div>\n\t\t\t<div class=\" wd-bottom-actions\">\n\t\t\t\t<div class=\"wrap-wishlist-button\">\t\t\t<div class=\"wd-wishlist-btn wd-action-btn wd-style-icon wd-wishlist-icon woodmart-wishlist-btn\">\n\t\t\t\t<a class=\"\" href=\"https:\/\/hidrotecni-k.com.ar\/site\/lista-deseos\/\" data-key=\"aa03fc0f7d\" data-product-id=\"2626\" rel=\"nofollow\" data-added-text=\"Browse Wishlist\">\n\t\t\t\t\t<span>Add to wishlist<\/span>\n\t\t\t\t<\/a>\n\t\t\t<\/div>\n\t\t<\/div>\n\t\t\t\t<div class=\"wd-add-btn wd-add-btn-replace woodmart-add-btn\">\n\t\t\t\t\t\t\t\t\t\t\t\t\t\t<\/div>\n\t\t\t\t<div class=\"wrap-quickview-button\">\t\t<div class=\"quick-view wd-action-btn wd-style-icon wd-quick-view-icon wd-quick-view-btn\">\n\t\t\t<a\n\t\t\t\thref=\"https:\/\/hidrotecni-k.com.ar\/site\/producto\/bomba-centrifuga-ecm-050\/\"\n\t\t\t\tclass=\"open-quick-view quick-view-button\"\n\t\t\t\trel=\"nofollow\"\n\t\t\t\tdata-id=\"2626\"\n\t\t\t\t>Quick view<\/a>\n\t\t<\/div>\n\t\t<\/div>\n\t\t\t<\/div>\n\n\n\t\t\t\t\t\t\n\t\t\t\t\t<\/div>\n\t<\/div>\n<\/div>\n<\/div>\n\t\t\t<\/div>\n\t\t\t<\/div>[\/vc_column][\/vc_row]<\/p>\n<\/section>","protected":false},"excerpt":{"rendered":"<p>[vc_row][vc_column][\/vc_column][\/vc_row]<\/p>\n","protected":false},"author":3,"featured_media":0,"parent":7,"menu_order":0,"comment_status":"closed","ping_status":"closed","template":"","meta":{"footnotes":""},"class_list":["post-2828","page","type-page","status-publish","hentry"],"_links":{"self":[{"href":"https:\/\/hidrotecni-k.com.ar\/site\/wp-json\/wp\/v2\/pages\/2828","targetHints":{"allow":["GET"]}}],"collection":[{"href":"https:\/\/hidrotecni-k.com.ar\/site\/wp-json\/wp\/v2\/pages"}],"about":[{"href":"https:\/\/hidrotecni-k.com.ar\/site\/wp-json\/wp\/v2\/types\/page"}],"author":[{"embeddable":true,"href":"https:\/\/hidrotecni-k.com.ar\/site\/wp-json\/wp\/v2\/users\/3"}],"replies":[{"embeddable":true,"href":"https:\/\/hidrotecni-k.com.ar\/site\/wp-json\/wp\/v2\/comments?post=2828"}],"version-history":[{"count":1,"href":"https:\/\/hidrotecni-k.com.ar\/site\/wp-json\/wp\/v2\/pages\/2828\/revisions"}],"predecessor-version":[{"id":2829,"href":"https:\/\/hidrotecni-k.com.ar\/site\/wp-json\/wp\/v2\/pages\/2828\/revisions\/2829"}],"up":[{"embeddable":true,"href":"https:\/\/hidrotecni-k.com.ar\/site\/wp-json\/wp\/v2\/pages\/7"}],"wp:attachment":[{"href":"https:\/\/hidrotecni-k.com.ar\/site\/wp-json\/wp\/v2\/media?parent=2828"}],"curies":[{"name":"wp","href":"https:\/\/api.w.org\/{rel}","templated":true}]}}